{"id":1637,"date":"2020-10-02T14:56:47","date_gmt":"2020-10-02T12:56:47","guid":{"rendered":"https:\/\/actichem.net\/?page_id=1637"},"modified":"2022-03-08T11:27:56","modified_gmt":"2022-03-08T10:27:56","slug":"privacy-policy","status":"publish","type":"page","link":"https:\/\/actichem.net\/ja\/privacy-policy\/","title":{"rendered":"Privacy Policy"},"content":{"rendered":"<div data-elementor-type=\"wp-page\" data-elementor-id=\"1637\" class=\"elementor elementor-1637\">\n\t\t\t\t\t\t<section class=\"elementor-section elementor-top-section elementor-element elementor-element-d1793c6 elementor-section-height-min-height elementor-section-boxed elementor-section-height-default elementor-section-items-middle\" data-id=\"d1793c6\" data-element_type=\"section\" data-e-type=\"section\" data-settings=\"{&quot;background_background&quot;:&quot;classic&quot;}\">\n\t\t\t\t\t\t\t<div class=\"elementor-background-overlay\"><\/div>\n\t\t\t\t\t\t\t<div class=\"elementor-container elementor-column-gap-default\">\n\t\t\t\t\t<div class=\"elementor-column elementor-col-100 elementor-top-column elementor-element elementor-element-700c382\" data-id=\"700c382\" data-element_type=\"column\" data-e-type=\"column\" data-settings=\"{&quot;background_background&quot;:&quot;classic&quot;}\">\n\t\t\t<div class=\"elementor-widget-wrap elementor-element-populated\">\n\t\t\t\t\t\t<div class=\"elementor-element elementor-element-0f2b1f5 elementor-widget elementor-widget-spacer\" data-id=\"0f2b1f5\" data-element_type=\"widget\" data-e-type=\"widget\" data-widget_type=\"spacer.default\">\n\t\t\t\t<div class=\"elementor-widget-container\">\n\t\t\t\t\t\t\t<div class=\"elementor-spacer\">\n\t\t\t<div class=\"elementor-spacer-inner\"><\/div>\n\t\t<\/div>\n\t\t\t\t\t\t<\/div>\n\t\t\t\t<\/div>\n\t\t\t\t<div class=\"elementor-element elementor-element-6ca74a2 elementor-widget elementor-widget-spacer\" data-id=\"6ca74a2\" data-element_type=\"widget\" data-e-type=\"widget\" data-widget_type=\"spacer.default\">\n\t\t\t\t<div class=\"elementor-widget-container\">\n\t\t\t\t\t\t\t<div class=\"elementor-spacer\">\n\t\t\t<div class=\"elementor-spacer-inner\"><\/div>\n\t\t<\/div>\n\t\t\t\t\t\t<\/div>\n\t\t\t\t<\/div>\n\t\t\t\t<div class=\"elementor-element elementor-element-fe48fd3 elementor-widget elementor-widget-heading\" data-id=\"fe48fd3\" data-element_type=\"widget\" data-e-type=\"widget\" data-widget_type=\"heading.default\">\n\t\t\t\t<div class=\"elementor-widget-container\">\n\t\t\t\t\t<h2 class=\"elementor-heading-title elementor-size-default\">Privacy policy<\/h2>\t\t\t\t<\/div>\n\t\t\t\t<\/div>\n\t\t\t\t<div class=\"elementor-element elementor-element-87b17c4 elementor-widget elementor-widget-spacer\" data-id=\"87b17c4\" data-element_type=\"widget\" data-e-type=\"widget\" data-widget_type=\"spacer.default\">\n\t\t\t\t<div class=\"elementor-widget-container\">\n\t\t\t\t\t\t\t<div class=\"elementor-spacer\">\n\t\t\t<div class=\"elementor-spacer-inner\"><\/div>\n\t\t<\/div>\n\t\t\t\t\t\t<\/div>\n\t\t\t\t<\/div>\n\t\t\t\t\t<\/div>\n\t\t<\/div>\n\t\t\t\t\t<\/div>\n\t\t<\/section>\n\t\t\t\t<section class=\"elementor-section elementor-top-section elementor-element elementor-element-c794fc9 elementor-section-boxed elementor-section-height-default elementor-section-height-default\" data-id=\"c794fc9\" data-element_type=\"section\" data-e-type=\"section\">\n\t\t\t\t\t\t<div class=\"elementor-container elementor-column-gap-default\">\n\t\t\t\t\t<div class=\"elementor-column elementor-col-100 elementor-top-column elementor-element elementor-element-87f5d52\" data-id=\"87f5d52\" data-element_type=\"column\" data-e-type=\"column\">\n\t\t\t<div class=\"elementor-widget-wrap elementor-element-populated\">\n\t\t\t\t\t\t<div class=\"elementor-element elementor-element-2e8ee4d elementor-widget elementor-widget-spacer\" data-id=\"2e8ee4d\" data-element_type=\"widget\" data-e-type=\"widget\" data-widget_type=\"spacer.default\">\n\t\t\t\t<div class=\"elementor-widget-container\">\n\t\t\t\t\t\t\t<div class=\"elementor-spacer\">\n\t\t\t<div class=\"elementor-spacer-inner\"><\/div>\n\t\t<\/div>\n\t\t\t\t\t\t<\/div>\n\t\t\t\t<\/div>\n\t\t\t\t\t<\/div>\n\t\t<\/div>\n\t\t\t\t\t<\/div>\n\t\t<\/section>\n\t\t\t\t<section class=\"elementor-section elementor-top-section elementor-element elementor-element-10bc279 elementor-section-boxed elementor-section-height-default elementor-section-height-default\" data-id=\"10bc279\" data-element_type=\"section\" data-e-type=\"section\">\n\t\t\t\t\t\t<div class=\"elementor-container elementor-column-gap-default\">\n\t\t\t\t\t<div class=\"elementor-column elementor-col-50 elementor-top-column elementor-element elementor-element-c38dcd0\" data-id=\"c38dcd0\" data-element_type=\"column\" data-e-type=\"column\">\n\t\t\t<div class=\"elementor-widget-wrap elementor-element-populated\">\n\t\t\t\t\t\t<div class=\"elementor-element elementor-element-75b39a5 elementor-widget elementor-widget-heading\" data-id=\"75b39a5\" data-element_type=\"widget\" data-e-type=\"widget\" data-widget_type=\"heading.default\">\n\t\t\t\t<div class=\"elementor-widget-container\">\n\t\t\t\t\t<h2 class=\"elementor-heading-title elementor-size-default\">QUI SOMMES NOUS?<\/h2>\t\t\t\t<\/div>\n\t\t\t\t<\/div>\n\t\t\t\t<div class=\"elementor-element elementor-element-99f9289 elementor-widget elementor-widget-text-editor\" data-id=\"99f9289\" data-element_type=\"widget\" data-e-type=\"widget\" data-widget_type=\"text-editor.default\">\n\t\t\t\t<div class=\"elementor-widget-container\">\n\t\t\t\t\t\t\t\t\t<h1>ACTICHEM<\/h1><p><b>D\u00e9nomination sociale: <\/b>Actichem S.A.S\u00a0<\/p><p><b>Adresse du si\u00e8ge social:<\/b> 121, avenue du danemark CS 60380 82003 Montauban Cedex<\/p><p><b>Num\u00e9ro de t\u00e9l\u00e9phone et adresse email:<\/b> +33.5.63.23.03.06 \/ contact@actichem.fr<\/p><p><b>Forme juridique de la soci\u00e9t\u00e9: <\/b>Soci\u00e9t\u00e9 par Action Simplifi\u00e9e (SAS)<\/p><p><b>Montant du capital social: <\/b>143 332,2\u20ac<\/p><p><b>Nom du directeur ou du codirecteur de la publication et celui du responsable de la r\u00e9daction s\u2019il en existe:<\/b>\u00a0<span style=\"font-size: 14px;\">Marine Izard, Managing director\/ Clo\u00e9 Lucas, Sales manager<\/span><\/p><p style=\"font-variant-ligatures: normal; font-variant-caps: normal; font-family: Roboto, sans-serif; font-size: 14px; font-style: normal; font-weight: 400;\"><span style=\"font-size: 14px; font-weight: 600;\">Num\u00e9ro d\u2019inscription au registre du commerce et des soci\u00e9t\u00e9s:<\/span>\u00a0B415 227\u00a0 099 &#8211; NAF 246L<\/p><p style=\"font-variant-ligatures: normal; font-variant-caps: normal; font-family: Roboto, sans-serif; font-size: 14px; font-style: normal; font-weight: 400;\"><span style=\"font-size: 14px; font-weight: 600;\">Num\u00e9ro individuel d\u2019identification fiscale:<\/span>\u00a0FR34415227099<\/p><p style=\"font-variant-ligatures: normal; font-variant-caps: normal; font-family: Roboto, sans-serif; font-size: 14px; font-style: normal; font-weight: 400;\"><span style=\"font-size: 14px; font-weight: 600;\">Num\u00e9ro SIRET:<\/span>\u00a041522709900033<\/p><p>Site internet <b>cr\u00e9\u00e9 par Actichem S.A.S<\/b><\/p><p><b>\u00a0<\/b><\/p><h1>HEBERGEUR<\/h1><p><strong>Raison sociale et adresse et num\u00e9ro de t\u00e9l\u00e9phone de l\u2019h\u00e9bergeur du site:\u00a0<\/strong><\/p><p>OVH &#8211; SAS au capital de 10 069 020 \u20ac<\/p><p><b>Si\u00e8ge social :<\/b> 2 rue Kellermann &#8211; 59100 Roubaix &#8211; France<\/p><p><strong>Num\u00e9ro de t\u00e9l\u00e9phone:<\/strong> +33 9 72 10 10 07\u00a0<\/p>\t\t\t\t\t\t\t\t<\/div>\n\t\t\t\t<\/div>\n\t\t\t\t\t<\/div>\n\t\t<\/div>\n\t\t\t\t<div class=\"elementor-column elementor-col-50 elementor-top-column elementor-element elementor-element-cfdd724\" data-id=\"cfdd724\" data-element_type=\"column\" data-e-type=\"column\">\n\t\t\t<div class=\"elementor-widget-wrap elementor-element-populated\">\n\t\t\t\t\t\t<div class=\"elementor-element elementor-element-f7440b3 elementor-widget elementor-widget-heading\" data-id=\"f7440b3\" data-element_type=\"widget\" data-e-type=\"widget\" data-widget_type=\"heading.default\">\n\t\t\t\t<div class=\"elementor-widget-container\">\n\t\t\t\t\t<h2 class=\"elementor-heading-title elementor-size-default\">WHO ARE WE?<\/h2>\t\t\t\t<\/div>\n\t\t\t\t<\/div>\n\t\t\t\t<div class=\"elementor-element elementor-element-7581098 elementor-widget elementor-widget-text-editor\" data-id=\"7581098\" data-element_type=\"widget\" data-e-type=\"widget\" data-widget_type=\"text-editor.default\">\n\t\t\t\t<div class=\"elementor-widget-container\">\n\t\t\t\t\t\t\t\t\t<h1>ACTICHEM<\/h1><p><b>Corporate name: <\/b>Actichem S.A.S\u00a0<\/p><p><b>Registered address:<\/b> 121, avenue du danemark CS 60380 82003 Montauban Cedex<\/p><p><b>Telephone number and e-mail address:<\/b> +33.5.63.23.03.06\/contact@actichem.fr<\/p><p><b>Legal form of company: <\/b>Soci\u00e9t\u00e9 par Action Simplifi\u00e9e (SAS)<\/p><p><b>Amount of share capital:\u00a0<\/b><span style=\"font-family: Roboto, sans-serif; font-size: 14px; font-style: normal; font-variant-ligatures: normal; font-variant-caps: normal; font-weight: 400;\">\u20ac<\/span><span style=\"font-size: 14px;\">143,332.2<\/span><\/p><p><b>Name of the director or co-director of the publication and that of the editorial manager, if any:\u00a0<\/b><span style=\"font-size: 14px;\">Marine Izard, Managing director\/ Clo\u00e9 Lucas, Sales manager<\/span><\/p><p style=\"font-variant-ligatures: normal; font-variant-caps: normal; font-family: Roboto, sans-serif; font-size: 14px; font-style: normal; font-weight: 400;\"><span style=\"font-size: 14px; font-weight: 600;\">Trade and Companies Register number:<\/span>\u00a0<br \/>B415 227\u00a0 099 &#8211; NAF 246L<\/p><p style=\"font-variant-ligatures: normal; font-variant-caps: normal; font-family: Roboto, sans-serif; font-size: 14px; font-style: normal; font-weight: 400;\"><span style=\"font-size: 14px; font-weight: 600;\">Tax identification number:<\/span>\u00a0FR34415227099<\/p><p style=\"font-variant-ligatures: normal; font-variant-caps: normal; font-family: Roboto, sans-serif; font-size: 14px; font-style: normal; font-weight: 400;\"><span style=\"font-size: 14px; font-weight: 600;\">French company identity number (SIRET):<\/span>\u00a041522709900033<\/p><p>Website\u00a0<b>created by Actichem S.A.S<\/b><\/p><p><b>\u00a0<\/b><\/p><h1>WEBSITE HOST<\/h1><p><strong>Corporate name, address and phone number of the site host:\u00a0<\/strong><\/p><p><span style=\"font-size: 14px;\">OVH &#8211; SAS au capital de\u00a0<\/span><span style=\"font-family: Roboto, sans-serif; font-size: 14px; font-style: normal; font-variant-ligatures: normal; font-variant-caps: normal; font-weight: 400;\">\u20ac<\/span><span style=\"font-size: 14px;\">10 069,020<\/span><\/p><p><strong>Registered address:<\/strong> 2 rue Kellermann &#8211; 59100 Roubaix &#8211; France<\/p><p><strong>Phone number:<\/strong> +33 9 72 10 10 07<\/p>\t\t\t\t\t\t\t\t<\/div>\n\t\t\t\t<\/div>\n\t\t\t\t\t<\/div>\n\t\t<\/div>\n\t\t\t\t\t<\/div>\n\t\t<\/section>\n\t\t\t\t<section class=\"elementor-section elementor-top-section elementor-element elementor-element-e221df9 elementor-section-boxed elementor-section-height-default elementor-section-height-default\" data-id=\"e221df9\" data-element_type=\"section\" data-e-type=\"section\">\n\t\t\t\t\t\t<div class=\"elementor-container elementor-column-gap-default\">\n\t\t\t\t\t<div class=\"elementor-column elementor-col-100 elementor-top-column elementor-element elementor-element-5273bd2\" data-id=\"5273bd2\" data-element_type=\"column\" data-e-type=\"column\">\n\t\t\t<div class=\"elementor-widget-wrap elementor-element-populated\">\n\t\t\t\t\t\t<div class=\"elementor-element elementor-element-509744e elementor-widget elementor-widget-spacer\" data-id=\"509744e\" data-element_type=\"widget\" data-e-type=\"widget\" data-widget_type=\"spacer.default\">\n\t\t\t\t<div class=\"elementor-widget-container\">\n\t\t\t\t\t\t\t<div class=\"elementor-spacer\">\n\t\t\t<div class=\"elementor-spacer-inner\"><\/div>\n\t\t<\/div>\n\t\t\t\t\t\t<\/div>\n\t\t\t\t<\/div>\n\t\t\t\t<div class=\"elementor-element elementor-element-793c0f6 elementor-widget elementor-widget-heading\" data-id=\"793c0f6\" data-element_type=\"widget\" data-e-type=\"widget\" data-widget_type=\"heading.default\">\n\t\t\t\t<div class=\"elementor-widget-container\">\n\t\t\t\t\t<h2 class=\"elementor-heading-title elementor-size-default\">PHOTO CREDIT<\/h2>\t\t\t\t<\/div>\n\t\t\t\t<\/div>\n\t\t\t\t<div class=\"elementor-element elementor-element-eecfe85 elementor-widget elementor-widget-text-editor\" data-id=\"eecfe85\" data-element_type=\"widget\" data-e-type=\"widget\" data-widget_type=\"text-editor.default\">\n\t\t\t\t<div class=\"elementor-widget-container\">\n\t\t\t\t\t\t\t\t\t<ul><li>Actichem<\/li><li>On Unsplash.com:<ul><li>Aaron Burden<\/li><li>Ales Me<\/li><li>Bee Naturalles<\/li><li>Boudewijn Bo Boer<\/li><li>Charles Deluvio<\/li><li>Dan Meyers<\/li><li>Jeshoots Com<\/li><li>Jonathan Farber<\/li><li>Kira Auf Der Heide<\/li><li>Matthew Tkocz<\/li><li>Michael Longmire<\/li><li>Nathalie Spehner<\/li><li>Patrick Tomasso<\/li><li>Sergio Souza<\/li><li>Shaun Meintjes<\/li><li>Yaopey Yong<\/li><\/ul><\/li><li>On Picjumbo.com<\/li><\/ul>\t\t\t\t\t\t\t\t<\/div>\n\t\t\t\t<\/div>\n\t\t\t\t<div class=\"elementor-element elementor-element-3f54457 elementor-widget elementor-widget-spacer\" data-id=\"3f54457\" data-element_type=\"widget\" data-e-type=\"widget\" data-widget_type=\"spacer.default\">\n\t\t\t\t<div class=\"elementor-widget-container\">\n\t\t\t\t\t\t\t<div class=\"elementor-spacer\">\n\t\t\t<div class=\"elementor-spacer-inner\"><\/div>\n\t\t<\/div>\n\t\t\t\t\t\t<\/div>\n\t\t\t\t<\/div>\n\t\t\t\t\t<\/div>\n\t\t<\/div>\n\t\t\t\t\t<\/div>\n\t\t<\/section>\n\t\t\t\t<section class=\"elementor-section elementor-top-section elementor-element elementor-element-7b8857a elementor-section-boxed elementor-section-height-default elementor-section-height-default\" data-id=\"7b8857a\" data-element_type=\"section\" data-e-type=\"section\" data-settings=\"{&quot;background_background&quot;:&quot;classic&quot;}\">\n\t\t\t\t\t\t<div class=\"elementor-container elementor-column-gap-default\">\n\t\t\t\t\t<div class=\"elementor-column elementor-col-33 elementor-top-column elementor-element elementor-element-d375b5f\" data-id=\"d375b5f\" data-element_type=\"column\" data-e-type=\"column\">\n\t\t\t<div class=\"elementor-widget-wrap elementor-element-populated\">\n\t\t\t\t\t\t<div class=\"elementor-element elementor-element-f2fd02b elementor-widget elementor-widget-spacer\" data-id=\"f2fd02b\" data-element_type=\"widget\" data-e-type=\"widget\" data-widget_type=\"spacer.default\">\n\t\t\t\t<div class=\"elementor-widget-container\">\n\t\t\t\t\t\t\t<div class=\"elementor-spacer\">\n\t\t\t<div class=\"elementor-spacer-inner\"><\/div>\n\t\t<\/div>\n\t\t\t\t\t\t<\/div>\n\t\t\t\t<\/div>\n\t\t\t\t<div class=\"elementor-element elementor-element-9679756 elementor-widget elementor-widget-heading\" data-id=\"9679756\" data-element_type=\"widget\" data-e-type=\"widget\" data-widget_type=\"heading.default\">\n\t\t\t\t<div class=\"elementor-widget-container\">\n\t\t\t\t\t<h2 class=\"elementor-heading-title elementor-size-default\"><a href=\"http:\/\/actichem.net\/ja\/\">Actichem<\/a><\/h2>\t\t\t\t<\/div>\n\t\t\t\t<\/div>\n\t\t\t\t<div class=\"elementor-element elementor-element-5ef4627 elementor-widget elementor-widget-heading\" data-id=\"5ef4627\" data-element_type=\"widget\" data-e-type=\"widget\" data-widget_type=\"heading.default\">\n\t\t\t\t<div class=\"elementor-widget-container\">\n\t\t\t\t\t<h2 class=\"elementor-heading-title elementor-size-default\"><a href=\"http:\/\/actichem.net\/ja\/company\/\">\u4f1a\u793e\u306b\u3064\u3044\u3066<\/a><\/h2>\t\t\t\t<\/div>\n\t\t\t\t<\/div>\n\t\t\t\t<div class=\"elementor-element elementor-element-872a989 elementor-widget elementor-widget-heading\" data-id=\"872a989\" data-element_type=\"widget\" data-e-type=\"widget\" data-widget_type=\"heading.default\">\n\t\t\t\t<div class=\"elementor-widget-container\">\n\t\t\t\t\t<h2 class=\"elementor-heading-title elementor-size-default\"><a href=\"http:\/\/actichem.net\/ja\/ingredients\/\">\u6709\u52b9\u306b\u3064\u3044\u3066<\/a><\/h2>\t\t\t\t<\/div>\n\t\t\t\t<\/div>\n\t\t\t\t<div class=\"elementor-element elementor-element-e983806 elementor-widget elementor-widget-heading\" data-id=\"e983806\" data-element_type=\"widget\" data-e-type=\"widget\" data-widget_type=\"heading.default\">\n\t\t\t\t<div class=\"elementor-widget-container\">\n\t\t\t\t\t<h2 class=\"elementor-heading-title elementor-size-default\"><a href=\"http:\/\/actichem.net\/ja\/sustainability\/\">\u30b5\u30b9\u30c6\u30ca\u30d3\u30ea\u30c6\u30a3<\/a><\/h2>\t\t\t\t<\/div>\n\t\t\t\t<\/div>\n\t\t\t\t<div class=\"elementor-element elementor-element-4817c64 elementor-widget elementor-widget-heading\" data-id=\"4817c64\" data-element_type=\"widget\" data-e-type=\"widget\" data-widget_type=\"heading.default\">\n\t\t\t\t<div class=\"elementor-widget-container\">\n\t\t\t\t\t<h2 class=\"elementor-heading-title elementor-size-default\"><a href=\"http:\/\/actichem.net\/ja\/news\/\">\u30cb\u30e5\u30fc\u30b9<\/a><\/h2>\t\t\t\t<\/div>\n\t\t\t\t<\/div>\n\t\t\t\t<div class=\"elementor-element elementor-element-ca7c6cd elementor-widget elementor-widget-heading\" data-id=\"ca7c6cd\" data-element_type=\"widget\" data-e-type=\"widget\" data-widget_type=\"heading.default\">\n\t\t\t\t<div class=\"elementor-widget-container\">\n\t\t\t\t\t<h2 class=\"elementor-heading-title elementor-size-default\"><a href=\"http:\/\/actichem.net\/ja\/careers\/\">Careers<\/a><\/h2>\t\t\t\t<\/div>\n\t\t\t\t<\/div>\n\t\t\t\t<div class=\"elementor-element elementor-element-c638128 elementor-widget elementor-widget-heading\" data-id=\"c638128\" data-element_type=\"widget\" data-e-type=\"widget\" data-widget_type=\"heading.default\">\n\t\t\t\t<div class=\"elementor-widget-container\">\n\t\t\t\t\t<h2 class=\"elementor-heading-title elementor-size-default\"><a href=\"http:\/\/actichem.net\/ja\/contact\/\">\u304a\u554f\u3044\u5408\u308f\u305b<\/a><\/h2>\t\t\t\t<\/div>\n\t\t\t\t<\/div>\n\t\t\t\t<div class=\"elementor-element elementor-element-01b4ea1 elementor-widget elementor-widget-spacer\" data-id=\"01b4ea1\" data-element_type=\"widget\" data-e-type=\"widget\" data-widget_type=\"spacer.default\">\n\t\t\t\t<div class=\"elementor-widget-container\">\n\t\t\t\t\t\t\t<div class=\"elementor-spacer\">\n\t\t\t<div class=\"elementor-spacer-inner\"><\/div>\n\t\t<\/div>\n\t\t\t\t\t\t<\/div>\n\t\t\t\t<\/div>\n\t\t\t\t\t<\/div>\n\t\t<\/div>\n\t\t\t\t<div class=\"elementor-column elementor-col-33 elementor-top-column elementor-element elementor-element-c16b780\" data-id=\"c16b780\" data-element_type=\"column\" data-e-type=\"column\">\n\t\t\t<div class=\"elementor-widget-wrap elementor-element-populated\">\n\t\t\t\t\t\t<div class=\"elementor-element elementor-element-d2a07e2 elementor-widget elementor-widget-spacer\" data-id=\"d2a07e2\" data-element_type=\"widget\" data-e-type=\"widget\" data-widget_type=\"spacer.default\">\n\t\t\t\t<div class=\"elementor-widget-container\">\n\t\t\t\t\t\t\t<div class=\"elementor-spacer\">\n\t\t\t<div class=\"elementor-spacer-inner\"><\/div>\n\t\t<\/div>\n\t\t\t\t\t\t<\/div>\n\t\t\t\t<\/div>\n\t\t\t\t<div class=\"elementor-element elementor-element-9481110 elementor-shape-rounded elementor-grid-0 e-grid-align-center elementor-widget elementor-widget-social-icons\" data-id=\"9481110\" data-element_type=\"widget\" data-e-type=\"widget\" data-widget_type=\"social-icons.default\">\n\t\t\t\t<div class=\"elementor-widget-container\">\n\t\t\t\t\t\t\t<div class=\"elementor-social-icons-wrapper elementor-grid\">\n\t\t\t\t\t\t\t<span class=\"elementor-grid-item\">\n\t\t\t\t\t<a class=\"elementor-icon elementor-social-icon elementor-social-icon-linkedin elementor-repeater-item-b794b75\" href=\"https:\/\/www.linkedin.com\/company\/actichem-sas\/\" target=\"_blank\">\n\t\t\t\t\t\t<span class=\"elementor-screen-only\">Linkedin<\/span>\n\t\t\t\t\t\t<i aria-hidden=\"true\" class=\"fab fa-linkedin\"><\/i>\t\t\t\t\t<\/a>\n\t\t\t\t<\/span>\n\t\t\t\t\t<\/div>\n\t\t\t\t\t\t<\/div>\n\t\t\t\t<\/div>\n\t\t\t\t\t<\/div>\n\t\t<\/div>\n\t\t\t\t<div class=\"elementor-column elementor-col-33 elementor-top-column elementor-element elementor-element-e96ffb5\" data-id=\"e96ffb5\" data-element_type=\"column\" data-e-type=\"column\">\n\t\t\t<div class=\"elementor-widget-wrap elementor-element-populated\">\n\t\t\t\t\t\t<div class=\"elementor-element elementor-element-fa7aa50 elementor-widget elementor-widget-text-editor\" data-id=\"fa7aa50\" data-element_type=\"widget\" data-e-type=\"widget\" data-widget_type=\"text-editor.default\">\n\t\t\t\t<div class=\"elementor-widget-container\">\n\t\t\t\t\t\t\t\t\t<p>ACTICHEM<\/p>\t\t\t\t\t\t\t\t<\/div>\n\t\t\t\t<\/div>\n\t\t\t\t<div class=\"elementor-element elementor-element-688d7cf elementor-widget elementor-widget-text-editor\" data-id=\"688d7cf\" data-element_type=\"widget\" data-e-type=\"widget\" data-widget_type=\"text-editor.default\">\n\t\t\t\t<div class=\"elementor-widget-container\">\n\t\t\t\t\t\t\t\t\t<p>121, avenue du danemark <br \/>82000 Montauban<br \/>+33.5.63.23.03.06<br \/>contact@actichem.fr<\/p>\t\t\t\t\t\t\t\t<\/div>\n\t\t\t\t<\/div>\n\t\t\t\t\t<\/div>\n\t\t<\/div>\n\t\t\t\t\t<\/div>\n\t\t<\/section>\n\t\t\t\t<\/div>","protected":false},"excerpt":{"rendered":"<p>Privacy policy QUI SOMMES NOUS? ACTICHEM D\u00e9nomination sociale: Actichem S.A.S\u00a0 Adresse du si\u00e8ge social: 121, avenue du danemark CS 60380 82003 Montauban Cedex Num\u00e9ro de t\u00e9l\u00e9phone et adresse email: +33.5.63.23.03.06 \/ contact@actichem.fr Forme juridique de la soci\u00e9t\u00e9: Soci\u00e9t\u00e9 par Action Simplifi\u00e9e (SAS) Montant du capital social: 143 332,2\u20ac Nom du directeur ou du codirecteur de la publication et celui du responsable de la r\u00e9daction s\u2019il en existe:\u00a0Marine Izard, Managing director\/ Clo\u00e9 Lucas, Sales manager Num\u00e9ro d\u2019inscription au registre du commerce et des soci\u00e9t\u00e9s:\u00a0B415 227\u00a0 099 &#8211; NAF 246L Num\u00e9ro individuel d\u2019identification fiscale:\u00a0FR34415227099 Num\u00e9ro SIRET:\u00a041522709900033 Site internet cr\u00e9\u00e9 par Actichem S.A.S \u00a0 HEBERGEUR Raison sociale et adresse et num\u00e9ro de t\u00e9l\u00e9phone [&hellip;]<\/p>\n","protected":false},"author":1,"featured_media":0,"parent":0,"menu_order":0,"comment_status":"closed","ping_status":"closed","template":"elementor_header_footer","meta":{"_monsterinsights_skip_tracking":false,"_monsterinsights_sitenote_active":false,"_monsterinsights_sitenote_note":"","_monsterinsights_sitenote_category":0,"footnotes":""},"class_list":["post-1637","page","type-page","status-publish","hentry","entry"],"aioseo_notices":[],"_links":{"self":[{"href":"https:\/\/actichem.net\/ja\/wp-json\/wp\/v2\/pages\/1637","targetHints":{"allow":["GET"]}}],"collection":[{"href":"https:\/\/actichem.net\/ja\/wp-json\/wp\/v2\/pages"}],"about":[{"href":"https:\/\/actichem.net\/ja\/wp-json\/wp\/v2\/types\/page"}],"author":[{"embeddable":true,"href":"https:\/\/actichem.net\/ja\/wp-json\/wp\/v2\/users\/1"}],"replies":[{"embeddable":true,"href":"https:\/\/actichem.net\/ja\/wp-json\/wp\/v2\/comments?post=1637"}],"version-history":[{"count":6,"href":"https:\/\/actichem.net\/ja\/wp-json\/wp\/v2\/pages\/1637\/revisions"}],"predecessor-version":[{"id":1902,"href":"https:\/\/actichem.net\/ja\/wp-json\/wp\/v2\/pages\/1637\/revisions\/1902"}],"wp:attachment":[{"href":"https:\/\/actichem.net\/ja\/wp-json\/wp\/v2\/media?parent=1637"}],"curies":[{"name":"wp","href":"https:\/\/api.w.org\/{rel}","templated":true}]}}